{"id":170,"date":"2025-04-25T07:23:10","date_gmt":"2025-04-25T05:23:10","guid":{"rendered":"https:\/\/domwill-domy.pl\/?page_id=170"},"modified":"2026-03-10T06:51:08","modified_gmt":"2026-03-10T05:51:08","slug":"wykaz-pomieszczen","status":"publish","type":"page","link":"https:\/\/domwill-domy.pl\/?page_id=170","title":{"rendered":"Wykaz pomieszcze\u0144 lokalu B1"},"content":{"rendered":"\n<div class=\"wp-block-group alignwide is-vertical is-layout-flex wp-container-core-group-is-layout-fe9cc265 wp-block-group-is-layout-flex\">\n<p style=\"margin-top:0;margin-right:0;margin-bottom:0;margin-left:0\"><strong>Powierzchnia u\u017cytkowa<\/strong>&nbsp;wg obowi\u0105zuj\u0105cej normy PN-ISO 9836, to powierzchnia wszystkich pomieszcze\u0144 lokalu liczona w \u015bwietle \u015bcian. Zgodnie z obowi\u0105zuj\u0105cym stanem prawnym w pomieszczeniach na poddaszu (tj. ze skosami) powierzchnia u\u017cytkowa:<br>&#8211; powy\u017cej 2,2 m jest liczona w 100%,<br>&#8211; pomi\u0119dzy 1,4 m a 2,2m w 50%,<br>&#8211; poni\u017cej 1,4 m nie jest brana pod uwag\u0119.<\/p>\n<\/div>\n\n\n\n<div class=\"wp-block-group alignwide has-global-padding is-layout-constrained wp-block-group-is-layout-constrained\">\n<h2 class=\"wp-block-heading alignwide has-text-align-center has-xx-large-font-size\" style=\"line-height:1.2\">Parter<\/h2>\n\n\n\n<div class=\"wp-block-columns alignwide are-vertically-aligned-center is-layout-flex wp-container-core-columns-is-layout-9080ce64 wp-block-columns-is-layout-flex\" style=\"margin-top:0;margin-bottom:0;padding-top:var(--wp--preset--spacing--30);padding-right:0;padding-bottom:var(--wp--preset--spacing--30);padding-left:0\">\n<div class=\"wp-block-column is-vertically-aligned-center is-layout-flow wp-block-column-is-layout-flow\"><\/div>\n\n\n\n<div class=\"wp-block-column is-vertically-aligned-center is-layout-flow wp-block-column-is-layout-flow\">\n<p class=\"has-text-align-left\">1. Wiatro\u0142ap 3.45 m<sup>2<\/sup><br>2. Gara\u017c 17.52 m<sup>2<\/sup> (uwzgl\u0119dniaj\u0105c cz\u0119\u015b\u0107 pod schodami)<br>3. Hol + schody 10,34 m<sup>2<\/sup> (hol 5.00 m<sup>2<\/sup>, schody 5.34 m<sup>2<\/sup>)<br>4. Salon 24.50 m<sup>2<\/sup><br>5. Kuchnia 5.72 m<sup>2<\/sup><br>6. \u0141azienka 3.44 m<sup>2<\/sup><br>7. Pom. techniczne 4.38 m<sup>2<\/sup><\/p>\n\n\n\n<p>Ca\u0142o\u015b\u0107 69.35 m<sup>2<\/sup><\/p>\n<\/div>\n<\/div>\n<\/div>\n\n\n\n<div class=\"wp-block-group alignwide has-global-padding is-layout-constrained wp-block-group-is-layout-constrained\">\n<h2 class=\"wp-block-heading alignwide has-text-align-center has-xx-large-font-size\" style=\"line-height:1.2\">Pi\u0119tro<\/h2>\n\n\n\n<div class=\"wp-block-columns alignwide are-vertically-aligned-center is-layout-flex wp-container-core-columns-is-layout-9080ce64 wp-block-columns-is-layout-flex\" style=\"margin-top:0;margin-bottom:0;padding-top:var(--wp--preset--spacing--30);padding-right:0;padding-bottom:var(--wp--preset--spacing--30);padding-left:0\">\n<div class=\"wp-block-column is-vertically-aligned-center is-layout-flow wp-block-column-is-layout-flow\">\n<figure class=\"wp-block-gallery has-nested-images columns-default is-cropped wp-block-gallery-1 is-layout-flex wp-block-gallery-is-layout-flex\"><\/figure>\n<\/div>\n\n\n\n<div class=\"wp-block-column is-vertically-aligned-center is-layout-flow wp-block-column-is-layout-flow\">\n<p class=\"has-text-align-left\">1. Hol 4.71 m<sup>2<\/sup><br>2. Pok\u00f3j 11.72 m<sup>2<\/sup><br>3. Pok\u00f3j 10.77 m<sup>2<\/sup><br>4. \u0141azienka 6.03 m<sup>2<\/sup><br>5. Pok\u00f3j 12.17 m<sup>2<\/sup><br>6. Pok\u00f3j 12.29 m<sup>2<\/sup><\/p>\n\n\n\n<p>Ca\u0142o\u015b\u0107 57.69 m<sup>2<\/sup><\/p>\n<\/div>\n<\/div>\n<\/div>\n","protected":false},"excerpt":{"rendered":"<p>Powierzchnia u\u017cytkowa&nbsp;wg obowi\u0105zuj\u0105cej normy PN-ISO 9836, to powierzchnia wszystkich pomieszcze\u0144 lokalu liczona w \u015bwietle \u015bcian. Zgodnie z obowi\u0105zuj\u0105cym stanem prawnym w pomieszczeniach na poddaszu (tj. ze skosami) powierzchnia u\u017cytkowa:&#8211; powy\u017cej 2,2 m jest liczona w 100%,&#8211; pomi\u0119dzy 1,4 m a 2,2m w 50%,&#8211; poni\u017cej 1,4 m nie jest brana pod uwag\u0119. Parter 1. Wiatro\u0142ap 3.45 [&hellip;]<\/p>\n","protected":false},"author":1,"featured_media":0,"parent":0,"menu_order":0,"comment_status":"closed","ping_status":"closed","template":"","meta":{"ngg_post_thumbnail":0,"footnotes":""},"class_list":["post-170","page","type-page","status-publish","hentry"],"_links":{"self":[{"href":"https:\/\/domwill-domy.pl\/index.php?rest_route=\/wp\/v2\/pages\/170","targetHints":{"allow":["GET"]}}],"collection":[{"href":"https:\/\/domwill-domy.pl\/index.php?rest_route=\/wp\/v2\/pages"}],"about":[{"href":"https:\/\/domwill-domy.pl\/index.php?rest_route=\/wp\/v2\/types\/page"}],"author":[{"embeddable":true,"href":"https:\/\/domwill-domy.pl\/index.php?rest_route=\/wp\/v2\/users\/1"}],"replies":[{"embeddable":true,"href":"https:\/\/domwill-domy.pl\/index.php?rest_route=%2Fwp%2Fv2%2Fcomments&post=170"}],"version-history":[{"count":20,"href":"https:\/\/domwill-domy.pl\/index.php?rest_route=\/wp\/v2\/pages\/170\/revisions"}],"predecessor-version":[{"id":374,"href":"https:\/\/domwill-domy.pl\/index.php?rest_route=\/wp\/v2\/pages\/170\/revisions\/374"}],"wp:attachment":[{"href":"https:\/\/domwill-domy.pl\/index.php?rest_route=%2Fwp%2Fv2%2Fmedia&parent=170"}],"curies":[{"name":"wp","href":"https:\/\/api.w.org\/{rel}","templated":true}]}}