{"id":305,"date":"2025-07-29T10:05:49","date_gmt":"2025-07-29T08:05:49","guid":{"rendered":"https:\/\/domwill-domy.pl\/?page_id=305"},"modified":"2025-09-23T11:31:10","modified_gmt":"2025-09-23T09:31:10","slug":"historia-cen","status":"publish","type":"page","link":"https:\/\/domwill-domy.pl\/?page_id=305","title":{"rendered":"Historia cen"},"content":{"rendered":"\n<p>Data Aktualizacji: 23.09.2025<\/p>\n\n\n\n<figure class=\"wp-block-table\"><table class=\"has-fixed-layout\"><thead><tr><th>Lokal<\/th><th>Cena m2<\/th><th>Ilo\u015b\u0107 metr\u00f3w<\/th><th><br>Cena ca\u0142kowita<\/th><\/tr><\/thead><tbody><tr><td>A1<\/td><td>5 997,76 z\u0142<\/td><td>124,88<\/td><td>749 000,00 z\u0142<\/td><\/tr><tr><td>A2<\/td><td>6 237,99 z\u0142<\/td><td>124,88<\/td><td>779 000,00 z\u0142<\/td><\/tr><tr><td>B1<\/td><td>5 502,20 z\u0142<\/td><td>127,04<\/td><td>699 000,00 z\u0142<\/td><\/tr><tr><td>B2<\/td><td>5 811,85 z\u0142<\/td><td>126,81<\/td><td>737 000,00 z\u0142<\/td><\/tr><\/tbody><\/table><\/figure>\n\n\n\n<p>Data Aktualizacji: 12.09.2025<\/p>\n\n\n\n<figure class=\"wp-block-table\"><table class=\"has-fixed-layout\"><thead><tr><th>Lokal<\/th><th>Cena m2<\/th><th>Ilo\u015b\u0107 metr\u00f3w<\/th><th><br>Cena ca\u0142kowita<\/th><\/tr><\/thead><tbody><tr><td>A1<\/td><td>5 997,76 z\u0142<\/td><td>124,88<\/td><td>749 000,00 z\u0142<\/td><\/tr><tr><td>A2<\/td><td>6 318,07 z\u0142<\/td><td>124,88<\/td><td>789 000,00 z\u0142<\/td><\/tr><tr><td>B1<\/td><td>5 502,20 z\u0142<\/td><td>127,04<\/td><td>699 000,00 z\u0142<\/td><\/tr><tr><td>B2<\/td><td>5 827,62 z\u0142<\/td><td>126,81<\/td><td>739 000,00 z\u0142<\/td><\/tr><\/tbody><\/table><\/figure>\n","protected":false},"excerpt":{"rendered":"<p>Data Aktualizacji: 23.09.2025 Lokal Cena m2 Ilo\u015b\u0107 metr\u00f3w Cena ca\u0142kowita A1 5 997,76 z\u0142 124,88 749 000,00 z\u0142 A2 6 237,99 z\u0142 124,88 779 000,00 z\u0142 B1 5 502,20 z\u0142 127,04 699 000,00 z\u0142 B2 5 811,85 z\u0142 126,81 737 000,00 z\u0142 Data Aktualizacji: 12.09.2025 Lokal Cena m2 Ilo\u015b\u0107 metr\u00f3w Cena ca\u0142kowita A1 5 997,76 [&hellip;]<\/p>\n","protected":false},"author":1,"featured_media":0,"parent":0,"menu_order":0,"comment_status":"closed","ping_status":"closed","template":"","meta":{"ngg_post_thumbnail":0,"footnotes":""},"class_list":["post-305","page","type-page","status-publish","hentry"],"_links":{"self":[{"href":"https:\/\/domwill-domy.pl\/index.php?rest_route=\/wp\/v2\/pages\/305","targetHints":{"allow":["GET"]}}],"collection":[{"href":"https:\/\/domwill-domy.pl\/index.php?rest_route=\/wp\/v2\/pages"}],"about":[{"href":"https:\/\/domwill-domy.pl\/index.php?rest_route=\/wp\/v2\/types\/page"}],"author":[{"embeddable":true,"href":"https:\/\/domwill-domy.pl\/index.php?rest_route=\/wp\/v2\/users\/1"}],"replies":[{"embeddable":true,"href":"https:\/\/domwill-domy.pl\/index.php?rest_route=%2Fwp%2Fv2%2Fcomments&post=305"}],"version-history":[{"count":3,"href":"https:\/\/domwill-domy.pl\/index.php?rest_route=\/wp\/v2\/pages\/305\/revisions"}],"predecessor-version":[{"id":350,"href":"https:\/\/domwill-domy.pl\/index.php?rest_route=\/wp\/v2\/pages\/305\/revisions\/350"}],"wp:attachment":[{"href":"https:\/\/domwill-domy.pl\/index.php?rest_route=%2Fwp%2Fv2%2Fmedia&parent=305"}],"curies":[{"name":"wp","href":"https:\/\/api.w.org\/{rel}","templated":true}]}}